{"id":4657,"date":"2023-03-07T21:10:23","date_gmt":"2023-03-07T21:10:23","guid":{"rendered":"https:\/\/arkitito.com\/home\/?page_id=4657"},"modified":"2026-01-05T22:21:44","modified_gmt":"2026-01-05T22:21:44","slug":"servicos-2","status":"publish","type":"page","link":"https:\/\/arkitito.com\/home\/servicos-2\/","title":{"rendered":"Servi\u00e7os"},"content":{"rendered":"<div class=\"wpb-content-wrapper\">\t\t<div data-elementor-type=\"wp-page\" data-elementor-id=\"4657\" class=\"elementor elementor-4657\" data-elementor-post-type=\"page\">\n\t\t\t\t<div class=\"elementor-element elementor-element-46aae8f9 e-flex e-con-boxed e-con e-parent\" data-id=\"46aae8f9\" data-element_type=\"container\" data-e-type=\"container\">\n\t\t\t\t\t<div class=\"e-con-inner\">\n\t\t\t\t<div class=\"elementor-element elementor-element-3af5a806 elementor-widget elementor-widget-text-editor\" data-id=\"3af5a806\" data-element_type=\"widget\" data-e-type=\"widget\" data-widget_type=\"text-editor.default\">\n\t\t\t\t<div class=\"elementor-widget-container\">\n\t\t\t\t\t\t\t\t\t<p>[vc_row][vc_column width=&#8221;1\/12&#8243;][\/vc_column][vc_column width=&#8221;5\/6&#8243;][vc_column_text]<\/p><p style=\"text-align: left;\">Entregamos todas as defini\u00e7\u00f5es t\u00e9cnicas que constituem o projeto arquitet\u00f4nico para assim definir o produto final que ser\u00e1 executado em obra. Dentre todas as fases de projeto, do estudo preliminar ao projeto executivo, acompanhamos todos os processos estabelecendo prazos que alcancem os resultados esperados. Diante da l\u00f3gica de funcionamento de cada projeto, gerenciamos ciclos que fazem cada projeto sair como planejado.<\/p><p>[\/vc_column_text][\/vc_column][vc_column width=&#8221;1\/12&#8243;][\/vc_column][\/vc_row][vc_row equal_height=&#8221;yes&#8221; content_placement=&#8221;top&#8221; css=&#8221;.vc_custom_1678488343453{padding-top: 40px !important;padding-bottom: 40px !important;}&#8221;][vc_column width=&#8221;1\/12&#8243;][\/vc_column][vc_column width=&#8221;3\/4&#8243;][vc_column_text]<\/p><h1>01.<\/h1><p>[\/vc_column_text][vc_empty_space height=&#8221;15px&#8221; css=&#8221;.vc_custom_1678487484622{margin-top: -30px !important;}&#8221;][vc_column_text]<\/p><h3>Proposta Comercial<\/h3><p>[\/vc_column_text][vc_empty_space height=&#8221;25px&#8221; css=&#8221;.vc_custom_1678490704824{margin-top: -30px !important;}&#8221;][\/vc_column][vc_column width=&#8221;1\/6&#8243;][\/vc_column][\/vc_row][vc_row equal_height=&#8221;yes&#8221; content_placement=&#8221;top&#8221; css=&#8221;.vc_custom_1678488348285{padding-top: 40px !important;padding-bottom: 40px !important;}&#8221;][vc_column width=&#8221;1\/12&#8243;][\/vc_column][vc_column width=&#8221;3\/4&#8243;][vc_column_text]<\/p><h1>02.<\/h1><p>[\/vc_column_text][vc_empty_space height=&#8221;15px&#8221; css=&#8221;.vc_custom_1678487478124{margin-top: -30px !important;}&#8221;][vc_column_text css=&#8221;.vc_custom_1678488316477{padding-bottom: 20px !important;}&#8221;]<\/p><h3>Estudo Preliminar<\/h3><p>[\/vc_column_text][vc_empty_space height=&#8221;15px&#8221; css=&#8221;.vc_custom_1678487478124{margin-top: -30px !important;}&#8221;][\/vc_column][vc_column width=&#8221;1\/6&#8243;][\/vc_column][\/vc_row][vc_row equal_height=&#8221;yes&#8221; content_placement=&#8221;top&#8221; css=&#8221;.vc_custom_1678488348285{padding-top: 40px !important;padding-bottom: 40px !important;}&#8221;][vc_column width=&#8221;1\/12&#8243;][\/vc_column][vc_column width=&#8221;1\/4&#8243;][vc_column_text]<\/p><p style=\"text-align: left;\" align=\"justify\"><span style=\"color: #050505;\"><span style=\"font-family: Arial, sans-serif;\"><span style=\"font-size: medium;\">Exemplo de croqui de estudo preliminar para o projeto Mios\u00f3tis.<\/span><\/span><\/span><\/p><p>[\/vc_column_text][\/vc_column][vc_column width=&#8221;7\/12&#8243;][vc_single_image image=&#8221;4775&#8243; img_size=&#8221;full&#8221; css=&#8221;.vc_custom_1678489603440{padding-top: 25px !important;padding-bottom: 25px !important;}&#8221;][vc_single_image image=&#8221;4776&#8243; img_size=&#8221;full&#8221; css=&#8221;.vc_custom_1678489740953{padding-bottom: 100px !important;}&#8221;][\/vc_column][vc_column width=&#8221;1\/12&#8243;][\/vc_column][\/vc_row][vc_row equal_height=&#8221;yes&#8221; content_placement=&#8221;top&#8221; css=&#8221;.vc_custom_1678488348285{padding-top: 40px !important;padding-bottom: 40px !important;}&#8221;][vc_column width=&#8221;1\/12&#8243;][\/vc_column][vc_column width=&#8221;1\/4&#8243;][vc_column_text]<\/p><p style=\"text-align: left;\" align=\"justify\"><span style=\"color: #050505;\"><span style=\"font-family: Arial, sans-serif;\"><span style=\"font-size: medium;\">Exemplo de planta de estudo preliminar para o projeto Mios\u00f3tis.<\/span><\/span><\/span><\/p><p>[\/vc_column_text][\/vc_column][vc_column width=&#8221;7\/12&#8243;][vc_single_image image=&#8221;4777&#8243; img_size=&#8221;full&#8221; css=&#8221;.vc_custom_1678489724340{padding-top: 25px !important;padding-bottom: 100px !important;}&#8221;][\/vc_column][vc_column width=&#8221;1\/12&#8243;][\/vc_column][\/vc_row][vc_row equal_height=&#8221;yes&#8221; content_placement=&#8221;top&#8221; css=&#8221;.vc_custom_1678488348285{padding-top: 40px !important;padding-bottom: 40px !important;}&#8221;][vc_column width=&#8221;1\/12&#8243;][\/vc_column][vc_column width=&#8221;1\/4&#8243;][vc_column_text]<\/p><p style=\"text-align: left;\" align=\"justify\"><span style=\"color: #050505;\"><span style=\"font-family: Arial, sans-serif;\"><span style=\"font-size: medium;\">Exemplo de <em>moodboard<\/em> realizado na fase de estudo preliminar para um projeto de interiores.<\/span><\/span><\/span><\/p><p>[\/vc_column_text][\/vc_column][vc_column width=&#8221;7\/12&#8243;][vc_single_image image=&#8221;4778&#8243; img_size=&#8221;full&#8221; css=&#8221;.vc_custom_1678489728742{padding-top: 25px !important;padding-bottom: 100px !important;}&#8221;][\/vc_column][vc_column width=&#8221;1\/12&#8243;][\/vc_column][\/vc_row][vc_row equal_height=&#8221;yes&#8221; content_placement=&#8221;top&#8221; css=&#8221;.vc_custom_1678488348285{padding-top: 40px !important;padding-bottom: 40px !important;}&#8221;][vc_column width=&#8221;1\/12&#8243;][\/vc_column][vc_column width=&#8221;1\/4&#8243;][vc_column_text]<\/p><p style=\"text-align: left;\" align=\"justify\"><span style=\"color: #050505;\"><span style=\"font-family: Arial, sans-serif;\"><span style=\"font-size: medium;\">Perspectiva isom\u00e9trica realizada na fase de estudo preliminar para o projeto Mios\u00f3tis.<\/span><\/span><\/span><\/p><p>[\/vc_column_text][\/vc_column][vc_column width=&#8221;7\/12&#8243;][vc_single_image image=&#8221;4779&#8243; img_size=&#8221;full&#8221; css=&#8221;.vc_custom_1678489732927{padding-top: 25px !important;padding-bottom: 100px !important;}&#8221;][\/vc_column][vc_column width=&#8221;1\/12&#8243;][\/vc_column][\/vc_row][vc_row equal_height=&#8221;yes&#8221; content_placement=&#8221;top&#8221; css=&#8221;.vc_custom_1678488348285{padding-top: 40px !important;padding-bottom: 40px !important;}&#8221;][vc_column width=&#8221;1\/12&#8243;][\/vc_column][vc_column width=&#8221;1\/4&#8243;][vc_column_text]<\/p><p style=\"text-align: left;\" align=\"justify\"><span style=\"color: #050505;\"><span style=\"font-family: Arial, sans-serif;\"><span style=\"font-size: medium;\">Colagem de estudo de fachada realizado na fase de estudo preliminar para o projeto Carop\u00e1.<\/span><\/span><\/span><\/p><p>[\/vc_column_text][\/vc_column][vc_column width=&#8221;7\/12&#8243;][vc_single_image image=&#8221;4780&#8243; img_size=&#8221;full&#8221; css=&#8221;.vc_custom_1678489736629{padding-top: 25px !important;padding-bottom: 100px !important;}&#8221;][\/vc_column][vc_column width=&#8221;1\/12&#8243;][\/vc_column][\/vc_row][vc_row equal_height=&#8221;yes&#8221; content_placement=&#8221;top&#8221; css=&#8221;.vc_custom_1678488348285{padding-top: 40px !important;padding-bottom: 40px !important;}&#8221;][vc_column width=&#8221;1\/12&#8243;][\/vc_column][vc_column width=&#8221;3\/4&#8243;][vc_column_text]<\/p><h1>03.<\/h1><p>[\/vc_column_text][vc_empty_space height=&#8221;15px&#8221; css=&#8221;.vc_custom_1678487478124{margin-top: -30px !important;}&#8221;][vc_column_text css=&#8221;.vc_custom_1678488550145{padding-bottom: 20px !important;}&#8221;]<\/p><h3>Anteprojeto<\/h3><p>[\/vc_column_text][vc_empty_space height=&#8221;15px&#8221; css=&#8221;.vc_custom_1678487478124{margin-top: -30px !important;}&#8221;][\/vc_column][vc_column width=&#8221;1\/6&#8243;][\/vc_column][\/vc_row][vc_row equal_height=&#8221;yes&#8221; content_placement=&#8221;top&#8221; css=&#8221;.vc_custom_1678488348285{padding-top: 40px !important;padding-bottom: 40px !important;}&#8221;][vc_column width=&#8221;1\/12&#8243;][\/vc_column][vc_column width=&#8221;1\/4&#8243;][vc_column_text]<\/p><p style=\"text-align: left;\">Imagem final renderizada realizada na fase de anteprojeto para o projeto Giudice.<\/p><p>[\/vc_column_text][\/vc_column][vc_column width=&#8221;7\/12&#8243;][vc_single_image image=&#8221;4782&#8243; img_size=&#8221;full&#8221; css=&#8221;.vc_custom_1678490094222{padding-top: 25px !important;padding-bottom: 100px !important;}&#8221;][\/vc_column][vc_column width=&#8221;1\/12&#8243;][\/vc_column][\/vc_row][vc_row equal_height=&#8221;yes&#8221; content_placement=&#8221;top&#8221; css=&#8221;.vc_custom_1678488348285{padding-top: 40px !important;padding-bottom: 40px !important;}&#8221;][vc_column width=&#8221;1\/12&#8243;][\/vc_column][vc_column width=&#8221;1\/4&#8243;][vc_column_text]<\/p><p style=\"text-align: left;\">Imagem final renderizada realizada na fase de anteprojeto para o projeto Giudice.<\/p><p>[\/vc_column_text][\/vc_column][vc_column width=&#8221;7\/12&#8243;][vc_single_image image=&#8221;4783&#8243; img_size=&#8221;full&#8221; css=&#8221;.vc_custom_1678490102565{padding-top: 25px !important;padding-bottom: 100px !important;}&#8221;][\/vc_column][vc_column width=&#8221;1\/12&#8243;][\/vc_column][\/vc_row][vc_row equal_height=&#8221;yes&#8221; content_placement=&#8221;top&#8221; css=&#8221;.vc_custom_1678488348285{padding-top: 40px !important;padding-bottom: 40px !important;}&#8221;][vc_column width=&#8221;1\/12&#8243;][\/vc_column][vc_column width=&#8221;1\/4&#8243;][vc_column_text]<\/p><p style=\"text-align: left;\">Imagem final renderizada realizada na fase de anteprojeto para um projeto de interiores.<\/p><p>[\/vc_column_text][\/vc_column][vc_column width=&#8221;7\/12&#8243;][vc_single_image image=&#8221;4784&#8243; img_size=&#8221;full&#8221; css=&#8221;.vc_custom_1678490114345{padding-top: 25px !important;padding-bottom: 100px !important;}&#8221;][\/vc_column][vc_column width=&#8221;1\/12&#8243;][\/vc_column][\/vc_row][vc_row equal_height=&#8221;yes&#8221; content_placement=&#8221;top&#8221; css=&#8221;.vc_custom_1678488348285{padding-top: 40px !important;padding-bottom: 40px !important;}&#8221;][vc_column width=&#8221;1\/12&#8243;][\/vc_column][vc_column width=&#8221;1\/4&#8243;][vc_column_text]<\/p><p style=\"text-align: left;\">Imagem final renderizada realizada na fase de anteprojeto para um projeto de interiores.<\/p><p>[\/vc_column_text][\/vc_column][vc_column width=&#8221;7\/12&#8243;][vc_single_image image=&#8221;4785&#8243; img_size=&#8221;full&#8221; css=&#8221;.vc_custom_1678490125931{padding-top: 25px !important;padding-bottom: 100px !important;}&#8221;][\/vc_column][vc_column width=&#8221;1\/12&#8243;][\/vc_column][\/vc_row][vc_row equal_height=&#8221;yes&#8221; content_placement=&#8221;top&#8221; css=&#8221;.vc_custom_1678488348285{padding-top: 40px !important;padding-bottom: 40px !important;}&#8221;][vc_column width=&#8221;1\/12&#8243;][\/vc_column][vc_column width=&#8221;3\/4&#8243;][vc_column_text]<\/p><h1>04.<\/h1><p>[\/vc_column_text][vc_column_text css=&#8221;.vc_custom_1678488580317{padding-bottom: 20px !important;}&#8221;]<\/p><h3>Caderno de Acabamentos<\/h3><p>[\/vc_column_text][vc_empty_space height=&#8221;15px&#8221; css=&#8221;.vc_custom_1678487478124{margin-top: -30px !important;}&#8221;][\/vc_column][vc_column width=&#8221;1\/6&#8243;][\/vc_column][\/vc_row][vc_row equal_height=&#8221;yes&#8221; content_placement=&#8221;top&#8221; css=&#8221;.vc_custom_1678488348285{padding-top: 40px !important;padding-bottom: 40px !important;}&#8221;][vc_column width=&#8221;1\/12&#8243;][\/vc_column][vc_column width=&#8221;1\/4&#8243;][vc_column_text]<\/p><p style=\"text-align: left;\" align=\"justify\"><span style=\"color: #050505;\"><span style=\"font-family: Arial, sans-serif;\"><span style=\"font-size: medium;\">Exemplo de caderno de acabamentos realizado para o projeto Giudice.<\/span><\/span><\/span><\/p><p>[\/vc_column_text][\/vc_column][vc_column width=&#8221;7\/12&#8243;][vc_single_image image=&#8221;4787&#8243; img_size=&#8221;full&#8221; css=&#8221;.vc_custom_1678490465822{padding-top: 25px !important;padding-bottom: 100px !important;}&#8221;][\/vc_column][vc_column width=&#8221;1\/12&#8243;][\/vc_column][\/vc_row][vc_row equal_height=&#8221;yes&#8221; content_placement=&#8221;top&#8221; css=&#8221;.vc_custom_1678488348285{padding-top: 40px !important;padding-bottom: 40px !important;}&#8221;][vc_column width=&#8221;1\/12&#8243;][\/vc_column][vc_column width=&#8221;3\/4&#8243;][vc_column_text]<\/p><h1>05.<\/h1><p>[\/vc_column_text][vc_empty_space height=&#8221;15px&#8221; css=&#8221;.vc_custom_1678487478124{margin-top: -30px !important;}&#8221;][vc_column_text css=&#8221;.vc_custom_1678488624059{padding-bottom: 20px !important;}&#8221;]<\/p><h3>Executivo: Planta + Amplia\u00e7\u00f5es<\/h3><p>[\/vc_column_text][\/vc_column][vc_column width=&#8221;1\/6&#8243;][\/vc_column][\/vc_row][vc_row equal_height=&#8221;yes&#8221; content_placement=&#8221;top&#8221; css=&#8221;.vc_custom_1678488348285{padding-top: 40px !important;padding-bottom: 40px !important;}&#8221;][vc_column width=&#8221;1\/12&#8243;][\/vc_column][vc_column width=&#8221;1\/4&#8243;][vc_column_text]<\/p><p style=\"text-align: left;\" align=\"justify\"><span style=\"color: #050505;\"><span style=\"font-family: Arial, sans-serif;\"><span style=\"font-size: medium;\">Exemplo de planta de hidr\u00e1ulica realizada na fase de projeto executivo para o projeto Piedade.<\/span><\/span><\/span><\/p><p>[\/vc_column_text][\/vc_column][vc_column width=&#8221;7\/12&#8243;][vc_single_image image=&#8221;4788&#8243; img_size=&#8221;full&#8221; css=&#8221;.vc_custom_1678490638010{padding-top: 25px !important;padding-bottom: 100px !important;}&#8221;][\/vc_column][vc_column width=&#8221;1\/12&#8243;][\/vc_column][\/vc_row][vc_row equal_height=&#8221;yes&#8221; content_placement=&#8221;top&#8221; css=&#8221;.vc_custom_1678488348285{padding-top: 40px !important;padding-bottom: 40px !important;}&#8221;][vc_column width=&#8221;1\/12&#8243;][\/vc_column][vc_column width=&#8221;1\/4&#8243;][vc_column_text]<\/p><p align=\"justify\"><span style=\"color: #050505;\"><span style=\"font-family: Arial, sans-serif;\"><span style=\"font-size: medium;\">Exemplo amplia\u00e7\u00e3o para um banheiro realizado na fase de projeto executivo.<\/span><\/span><\/span><\/p><p>[\/vc_column_text][\/vc_column][vc_column width=&#8221;7\/12&#8243;][vc_single_image image=&#8221;4789&#8243; img_size=&#8221;full&#8221; css=&#8221;.vc_custom_1678490650802{padding-top: 25px !important;padding-bottom: 100px !important;}&#8221;][\/vc_column][vc_column width=&#8221;1\/12&#8243;][\/vc_column][\/vc_row][vc_row equal_height=&#8221;yes&#8221; content_placement=&#8221;top&#8221; css=&#8221;.vc_custom_1678488348285{padding-top: 40px !important;padding-bottom: 40px !important;}&#8221;][vc_column width=&#8221;1\/12&#8243;][\/vc_column][vc_column width=&#8221;3\/4&#8243;][vc_column_text]<\/p><h1>06.<\/h1><p>[\/vc_column_text][vc_empty_space height=&#8221;15px&#8221; css=&#8221;.vc_custom_1678487478124{margin-top: -30px !important;}&#8221;][vc_column_text css=&#8221;.vc_custom_1678488658344{padding-bottom: 20px !important;}&#8221;]<\/p><h3>Assist\u00eancia na Obra<\/h3><p>[\/vc_column_text][vc_column_text]<\/p><p align=\"justify\"><span style=\"color: #050505;\"><span style=\"font-family: Arial, sans-serif;\"><span style=\"font-size: medium;\">Prestamos diversos tipos de assist\u00eancia para obras. Para mais detalhes, consulte-nos.<\/span><\/span><\/span><\/p><p>[\/vc_column_text][vc_empty_space height=&#8221;150px&#8221; css=&#8221;.vc_custom_1678490692404{margin-top: -30px !important;}&#8221;][\/vc_column][vc_column width=&#8221;1\/6&#8243;][\/vc_column][\/vc_row]<\/p>\t\t\t\t\t\t\t\t<\/div>\n\t\t\t\t<\/div>\n\t\t\t\t\t<\/div>\n\t\t\t\t<\/div>\n\t\t<div class=\"elementor-element elementor-element-7a764ac e-flex e-con-boxed e-con e-parent\" data-id=\"7a764ac\" data-element_type=\"container\" data-e-type=\"container\" data-settings=\"{&quot;background_background&quot;:&quot;classic&quot;}\">\n\t\t\t\t\t<div class=\"e-con-inner\">\n\t\t<div class=\"elementor-element elementor-element-ff0677e e-con-full e-flex e-con e-child\" data-id=\"ff0677e\" data-element_type=\"container\" data-e-type=\"container\">\n\t\t\t\t<div class=\"elementor-element elementor-element-15409c2e elementor-widget elementor-widget-heading\" data-id=\"15409c2e\" data-element_type=\"widget\" data-e-type=\"widget\" data-widget_type=\"heading.default\">\n\t\t\t\t<div class=\"elementor-widget-container\">\n\t\t\t\t\t<h2 class=\"elementor-heading-title elementor-size-default\"><b>Email<\/b>: contato@arkitito.com<\/h2>\t\t\t\t<\/div>\n\t\t\t\t<\/div>\n\t\t\t\t<div class=\"elementor-element elementor-element-5f696d4b elementor-widget elementor-widget-heading\" data-id=\"5f696d4b\" data-element_type=\"widget\" data-e-type=\"widget\" data-widget_type=\"heading.default\">\n\t\t\t\t<div class=\"elementor-widget-container\">\n\t\t\t\t\t<h2 class=\"elementor-heading-title elementor-size-default\"><b>Tel.<\/b>: +55 (11) 956 500 715<\/h2>\t\t\t\t<\/div>\n\t\t\t\t<\/div>\n\t\t\t\t<\/div>\n\t\t<div class=\"elementor-element elementor-element-45348834 e-con-full e-flex e-con e-child\" data-id=\"45348834\" data-element_type=\"container\" data-e-type=\"container\">\n\t\t\t\t<div class=\"elementor-element elementor-element-3f59e11e elementor-icon-list--layout-inline elementor-align-center elementor-list-item-link-full_width elementor-widget elementor-widget-icon-list\" data-id=\"3f59e11e\" data-element_type=\"widget\" data-e-type=\"widget\" data-widget_type=\"icon-list.default\">\n\t\t\t\t<div class=\"elementor-widget-container\">\n\t\t\t\t\t\t\t<ul class=\"elementor-icon-list-items elementor-inline-items\">\n\t\t\t\t\t\t\t<li class=\"elementor-icon-list-item elementor-inline-item\">\n\t\t\t\t\t\t\t\t\t\t\t<a href=\"https:\/\/www.instagram.com\/arkitito\/\">\n\n\t\t\t\t\t\t\t\t\t\t\t\t<span class=\"elementor-icon-list-icon\">\n\t\t\t\t\t\t\t<svg aria-hidden=\"true\" class=\"e-font-icon-svg e-fab-instagram\" viewBox=\"0 0 448 512\" xmlns=\"http:\/\/www.w3.org\/2000\/svg\"><path d=\"M224.1 141c-63.6 0-114.9 51.3-114.9 114.9s51.3 114.9 114.9 114.9S339 319.5 339 255.9 287.7 141 224.1 141zm0 189.6c-41.1 0-74.7-33.5-74.7-74.7s33.5-74.7 74.7-74.7 74.7 33.5 74.7 74.7-33.6 74.7-74.7 74.7zm146.4-194.3c0 14.9-12 26.8-26.8 26.8-14.9 0-26.8-12-26.8-26.8s12-26.8 26.8-26.8 26.8 12 26.8 26.8zm76.1 27.2c-1.7-35.9-9.9-67.7-36.2-93.9-26.2-26.2-58-34.4-93.9-36.2-37-2.1-147.9-2.1-184.9 0-35.8 1.7-67.6 9.9-93.9 36.1s-34.4 58-36.2 93.9c-2.1 37-2.1 147.9 0 184.9 1.7 35.9 9.9 67.7 36.2 93.9s58 34.4 93.9 36.2c37 2.1 147.9 2.1 184.9 0 35.9-1.7 67.7-9.9 93.9-36.2 26.2-26.2 34.4-58 36.2-93.9 2.1-37 2.1-147.8 0-184.8zM398.8 388c-7.8 19.6-22.9 34.7-42.6 42.6-29.5 11.7-99.5 9-132.1 9s-102.7 2.6-132.1-9c-19.6-7.8-34.7-22.9-42.6-42.6-11.7-29.5-9-99.5-9-132.1s-2.6-102.7 9-132.1c7.8-19.6 22.9-34.7 42.6-42.6 29.5-11.7 99.5-9 132.1-9s102.7-2.6 132.1 9c19.6 7.8 34.7 22.9 42.6 42.6 11.7 29.5 9 99.5 9 132.1s2.7 102.7-9 132.1z\"><\/path><\/svg>\t\t\t\t\t\t<\/span>\n\t\t\t\t\t\t\t\t\t\t<span class=\"elementor-icon-list-text\">ARKITITO<\/span>\n\t\t\t\t\t\t\t\t\t\t\t<\/a>\n\t\t\t\t\t\t\t\t\t<\/li>\n\t\t\t\t\t\t\t\t<li class=\"elementor-icon-list-item elementor-inline-item\">\n\t\t\t\t\t\t\t\t\t\t\t<a href=\"https:\/\/api.whatsapp.com\/send?phone=5511956500715&#038;text=Ol%C3%A1,%20vim%20do%20seu%20site!\">\n\n\t\t\t\t\t\t\t\t\t\t\t\t<span class=\"elementor-icon-list-icon\">\n\t\t\t\t\t\t\t<svg aria-hidden=\"true\" class=\"e-font-icon-svg e-fab-whatsapp\" viewBox=\"0 0 448 512\" xmlns=\"http:\/\/www.w3.org\/2000\/svg\"><path d=\"M380.9 97.1C339 55.1 283.2 32 223.9 32c-122.4 0-222 99.6-222 222 0 39.1 10.2 77.3 29.6 111L0 480l117.7-30.9c32.4 17.7 68.9 27 106.1 27h.1c122.3 0 224.1-99.6 224.1-222 0-59.3-25.2-115-67.1-157zm-157 341.6c-33.2 0-65.7-8.9-94-25.7l-6.7-4-69.8 18.3L72 359.2l-4.4-7c-18.5-29.4-28.2-63.3-28.2-98.2 0-101.7 82.8-184.5 184.6-184.5 49.3 0 95.6 19.2 130.4 54.1 34.8 34.9 56.2 81.2 56.1 130.5 0 101.8-84.9 184.6-186.6 184.6zm101.2-138.2c-5.5-2.8-32.8-16.2-37.9-18-5.1-1.9-8.8-2.8-12.5 2.8-3.7 5.6-14.3 18-17.6 21.8-3.2 3.7-6.5 4.2-12 1.4-32.6-16.3-54-29.1-75.5-66-5.7-9.8 5.7-9.1 16.3-30.3 1.8-3.7.9-6.9-.5-9.7-1.4-2.8-12.5-30.1-17.1-41.2-4.5-10.8-9.1-9.3-12.5-9.5-3.2-.2-6.9-.2-10.6-.2-3.7 0-9.7 1.4-14.8 6.9-5.1 5.6-19.4 19-19.4 46.3 0 27.3 19.9 53.7 22.6 57.4 2.8 3.7 39.1 59.7 94.8 83.8 35.2 15.2 49 16.5 66.6 13.9 10.7-1.6 32.8-13.4 37.4-26.4 4.6-13 4.6-24.1 3.2-26.4-1.3-2.5-5-3.9-10.5-6.6z\"><\/path><\/svg>\t\t\t\t\t\t<\/span>\n\t\t\t\t\t\t\t\t\t\t<span class=\"elementor-icon-list-text\">WHATSAPP<\/span>\n\t\t\t\t\t\t\t\t\t\t\t<\/a>\n\t\t\t\t\t\t\t\t\t<\/li>\n\t\t\t\t\t\t<\/ul>\n\t\t\t\t\t\t<\/div>\n\t\t\t\t<\/div>\n\t\t\t\t<\/div>\n\t\t<div class=\"elementor-element elementor-element-3e32c495 e-con-full e-flex e-con e-child\" data-id=\"3e32c495\" data-element_type=\"container\" data-e-type=\"container\">\n\t\t\t\t<div class=\"elementor-element elementor-element-41f10e14 elementor-widget elementor-widget-heading\" data-id=\"41f10e14\" data-element_type=\"widget\" data-e-type=\"widget\" data-widget_type=\"heading.default\">\n\t\t\t\t<div class=\"elementor-widget-container\">\n\t\t\t\t\t<h2 class=\"elementor-heading-title elementor-size-default\">Copyright \u00a9 arkitito 2026<\/h2>\t\t\t\t<\/div>\n\t\t\t\t<\/div>\n\t\t\t\t<div class=\"elementor-element elementor-element-4aca9a73 elementor-widget elementor-widget-heading\" data-id=\"4aca9a73\" data-element_type=\"widget\" data-e-type=\"widget\" data-widget_type=\"heading.default\">\n\t\t\t\t<div class=\"elementor-widget-container\">\n\t\t\t\t\t<h2 class=\"elementor-heading-title elementor-size-default\">Todos os direitos reservados<\/h2>\t\t\t\t<\/div>\n\t\t\t\t<\/div>\n\t\t\t\t<\/div>\n\t\t\t\t\t<\/div>\n\t\t\t\t<\/div>\n\t\t\t\t<section class=\"elementor-section elementor-top-section elementor-element elementor-element-22a6657 elementor-section-boxed elementor-section-height-default elementor-section-height-default\" data-id=\"22a6657\" data-element_type=\"section\" data-e-type=\"section\">\n\t\t\t\t\t\t<div class=\"elementor-container elementor-column-gap-default\">\n\t\t\t\t\t<div class=\"elementor-column elementor-col-100 elementor-top-column elementor-element elementor-element-e1fd3eb\" data-id=\"e1fd3eb\" data-element_type=\"column\" data-e-type=\"column\">\n\t\t\t<div class=\"elementor-widget-wrap elementor-element-populated\">\n\t\t\t\t\t\t<div class=\"elementor-element elementor-element-207f0fc elementor-widget elementor-widget-text-editor\" data-id=\"207f0fc\" data-element_type=\"widget\" data-e-type=\"widget\" data-widget_type=\"text-editor.default\">\n\t\t\t\t<div class=\"elementor-widget-container\">\n\t\t\t\t\t\t\t\t\t<p><a href=\"https:\/\/matistudio.com.br\/\">Desenvolvido por Mati Studio<\/a><\/p>\t\t\t\t\t\t\t\t<\/div>\n\t\t\t\t<\/div>\n\t\t\t\t\t<\/div>\n\t\t<\/div>\n\t\t\t\t\t<\/div>\n\t\t<\/section>\n\t\t\t\t<\/div>\n\t\t<\/div>","protected":false},"excerpt":{"rendered":"<p>[vc_row][vc_column width=&#8221;1\/12&#8243;][\/vc_column][vc_column width=&#8221;5\/6&#8243;][vc_column_text] Entregamos todas as defini\u00e7\u00f5es t\u00e9cnicas que constituem o projeto arquitet\u00f4nico para assim definir o produto final que ser\u00e1 executado em obra. Dentre todas as fases de projeto, do estudo preliminar ao projeto executivo, acompanhamos todos os processos [&hellip;]<\/p>\n","protected":false},"author":2,"featured_media":0,"parent":0,"menu_order":0,"comment_status":"closed","ping_status":"closed","template":"","meta":{"footnotes":""},"class_list":["post-4657","page","type-page","status-publish","hentry"],"_links":{"self":[{"href":"https:\/\/arkitito.com\/home\/wp-json\/wp\/v2\/pages\/4657","targetHints":{"allow":["GET"]}}],"collection":[{"href":"https:\/\/arkitito.com\/home\/wp-json\/wp\/v2\/pages"}],"about":[{"href":"https:\/\/arkitito.com\/home\/wp-json\/wp\/v2\/types\/page"}],"author":[{"embeddable":true,"href":"https:\/\/arkitito.com\/home\/wp-json\/wp\/v2\/users\/2"}],"replies":[{"embeddable":true,"href":"https:\/\/arkitito.com\/home\/wp-json\/wp\/v2\/comments?post=4657"}],"version-history":[{"count":0,"href":"https:\/\/arkitito.com\/home\/wp-json\/wp\/v2\/pages\/4657\/revisions"}],"wp:attachment":[{"href":"https:\/\/arkitito.com\/home\/wp-json\/wp\/v2\/media?parent=4657"}],"curies":[{"name":"wp","href":"https:\/\/api.w.org\/{rel}","templated":true}]}}